{"id":7194,"date":"2026-02-21T16:24:00","date_gmt":"2026-02-21T16:24:00","guid":{"rendered":"https:\/\/apes-lyon.fr\/?page_id=7194"},"modified":"2026-02-21T17:15:06","modified_gmt":"2026-02-21T17:15:06","slug":"equipe","status":"publish","type":"page","link":"https:\/\/apes-lyon.fr\/?page_id=7194","title":{"rendered":"Equipe APES Lyon"},"content":{"rendered":"<p style=\"text-align: justify;\">L\u2019APES Lyon (Association de parents d\u2019enfants sourds de Lyon) regroupe des parents d\u2019enfants sourds qui ont pour but de voir leur enfant devenir bilingue (LSF-fran\u00e7ais).<\/p>\n<p style=\"text-align: justify;\">Son but est donc de promouvoir une \u00e9ducation bilingue, c\u2019est \u00e0 dire reconna\u00eetre la langue des signes comme langue premi\u00e8re de l\u2019enfant et lui permettre de se l\u2019approprier d\u00e8s son plus jeune \u00e2ge.<\/p>\n<p>&nbsp;<\/p>\n<ul style=\"text-align: justify;\">\n<li><em><strong>Que proposons-nous ?<br \/>\n<\/strong><\/em>L\u2019association a aussi pour vocation de d\u00e9fendre une scolarit\u00e9 bilingue. Depuis 2007, un enseignement DE &amp; EN LSF est propos\u00e9 en maternelle et en primaire \u00e0 l\u2019\u00e9cole Condorcet dans le 3e arrondissement de Lyon.. Depuis 2014, des classes sont ouvertes au coll\u00e8ge Pablo Picasso de Bron: de la 6\u00e8me au 3\u00e8me LSF. Le coll\u00e8ge accueille 4 professionnels sourds en exercice et qui fournissent un enseignement DE &amp; EN LSF parmi les disciplines suivantes : LSF, Hist-G\u00e9o, SVT (Science Vie Terre) et ASL\/Anglais \u00e9crit. Depuis 2015, des classes sont ouvertes au Lyc\u00e9e Jean-Paul Sartre de Bron : de la Seconde \u00e0 la Terminale LSF.<\/li>\n<\/ul>\n<p style=\"text-align: justify;\">Nous organisons \u00e9galement des activit\u00e9s extra scolaires pour les jeunes mais aussi des soir\u00e9es de retrouvailles afin que les parents sourds et entendants puissent se retrouver et permettre \u00e0 tous d&#8217;\u00e9changer en toute libert\u00e9, quelle que soit sa langue. Nous proposons d&#8217;accueillir et de guider les parents qui le souhaitent et r\u00e9pondre \u00e0 toutes leurs questions&nbsp; qu&#8217;ils se posent !<\/p>\n<p>&nbsp;<\/p>\n<ul style=\"text-align: justify;\">\n<li><em><strong>Bilinguisme ?<br \/>\n<\/strong><\/em>C\u2019est par la langue des signes, directement et spontan\u00e9ment accessible et compr\u00e9hensible que l\u2019enfant sourd peut acc\u00e9der au sens, se construire et devenir autonome. Contrairement aux id\u00e9es re\u00e7ues, la langue des signes fran\u00e7aise ne peut en aucun cas emp\u00eacher la communication ni compromettre l\u2019insertion sociale. Par ailleurs, avoir deux langues, ce n\u2019est pas en rejeter une et en privil\u00e9gier une autre, c\u2019est placer les deux langues \u00e0 \u00e9galit\u00e9.<\/li>\n<\/ul>\n<p style=\"text-align: justify;\">L\u2019association est ouverte \u00e0 tous les parents d\u2019enfants sourds, sourds et entendants, partageant le m\u00eame projet pour leurs enfants <em><strong>y compris les enfants sourds porteur d&#8217;un implant cochl\u00e9aire ayant fait le choix du bilinguisme LSF\/F<\/strong><\/em>.<\/p>\n<p style=\"text-align: center;\"><strong>CA de l&#8217;APES Lyon 2025\/2026<\/strong><\/p>\n<p style=\"text-align: center;\"><img loading=\"lazy\" decoding=\"async\" class=\"aligncenter size-full wp-image-7145\" src=\"https:\/\/apes-lyon.fr\/wp-content\/uploads\/meilleurs-voeux-2026.jpg\" alt=\"\" width=\"565\" height=\"393\" srcset=\"https:\/\/apes-lyon.fr\/wp-content\/uploads\/meilleurs-voeux-2026.jpg 565w, https:\/\/apes-lyon.fr\/wp-content\/uploads\/meilleurs-voeux-2026-300x209.jpg 300w\" sizes=\"auto, (max-width: 565px) 100vw, 565px\" \/><\/p>\n<ul style=\"list-style-type: disc;\">\n<li>J\u00e9r\u00e9my DORE : Pr\u00e9sident<\/li>\n<li><span class=\"m_-4052100927079638930m_4505225829180770717gmail-s2\">B\u00e9atrice DUC : Secr\u00e9taire<\/span><\/li>\n<li>St\u00e9phanie DEMANCHE :&nbsp; Secr\u00e9taire-adjointe<\/li>\n<li><span class=\"m_-4052100927079638930m_4505225829180770717gmail-s2\">Marie-Fanny DENIS : Tr\u00e9sori\u00e8re<\/span><\/li>\n<li>Yong Hee THOMAS : Conseill\u00e8re&nbsp;<\/li>\n<li>Julie MARLAUD : Conseill\u00e8re&nbsp;<\/li>\n<li>Sara MA\u00d1E : Conseill\u00e8re&nbsp;<\/li>\n<li>Nathalie GIRAUDON : Conseill\u00e8re<\/li>\n<li>Thierry JACQUEL : Conseiller&nbsp;<\/li>\n<\/ul>\n","protected":false},"excerpt":{"rendered":"<p>L\u2019APES Lyon (Association de parents d\u2019enfants sourds de Lyon) regroupe des parents d\u2019enfants sourds qui ont pour but de voir leur enfant devenir bilingue (LSF-fran\u00e7ais). Son but est donc de promouvoir une \u00e9ducation bilingue, c\u2019est \u00e0 dire reconna\u00eetre la langue des signes comme langue premi\u00e8re de l\u2019enfant et lui permettre de se l\u2019approprier d\u00e8s son &hellip; <\/p>\n<p><a class=\"more-link btn\" href=\"https:\/\/apes-lyon.fr\/?page_id=7194\">Lire la suite<\/a><\/p>\n","protected":false},"author":10,"featured_media":0,"parent":0,"menu_order":0,"comment_status":"closed","ping_status":"closed","template":"","meta":{"ngg_post_thumbnail":0,"footnotes":""},"class_list":["post-7194","page","type-page","status-publish","hentry","nodate","item-wrap"],"_links":{"self":[{"href":"https:\/\/apes-lyon.fr\/index.php?rest_route=\/wp\/v2\/pages\/7194","targetHints":{"allow":["GET"]}}],"collection":[{"href":"https:\/\/apes-lyon.fr\/index.php?rest_route=\/wp\/v2\/pages"}],"about":[{"href":"https:\/\/apes-lyon.fr\/index.php?rest_route=\/wp\/v2\/types\/page"}],"author":[{"embeddable":true,"href":"https:\/\/apes-lyon.fr\/index.php?rest_route=\/wp\/v2\/users\/10"}],"replies":[{"embeddable":true,"href":"https:\/\/apes-lyon.fr\/index.php?rest_route=%2Fwp%2Fv2%2Fcomments&post=7194"}],"version-history":[{"count":3,"href":"https:\/\/apes-lyon.fr\/index.php?rest_route=\/wp\/v2\/pages\/7194\/revisions"}],"predecessor-version":[{"id":7291,"href":"https:\/\/apes-lyon.fr\/index.php?rest_route=\/wp\/v2\/pages\/7194\/revisions\/7291"}],"wp:attachment":[{"href":"https:\/\/apes-lyon.fr\/index.php?rest_route=%2Fwp%2Fv2%2Fmedia&parent=7194"}],"curies":[{"name":"wp","href":"https:\/\/api.w.org\/{rel}","templated":true}]}}