{"id":3894,"date":"2016-03-01T16:05:27","date_gmt":"2016-03-01T16:05:27","guid":{"rendered":"http:\/\/apes-lyon.fr\/?page_id=3894"},"modified":"2024-09-16T12:04:55","modified_gmt":"2024-09-16T12:04:55","slug":"album-photos","status":"publish","type":"page","link":"https:\/\/apes-lyon.fr\/?page_id=3894","title":{"rendered":"Photos"},"content":{"rendered":"<p>&nbsp;<\/p>\n<ul>\n<li><strong><span style=\"text-decoration: underline; font-size: 14pt;\">Ann\u00e9e 2023<\/span><\/strong>\n<ul>\n<li><a href=\"https:\/\/apes-lyon.fr\/?page_id=6867\"><span style=\"font-size: 14pt;\"><strong>Laser Game, le 23 mars 2023&nbsp;<\/strong><\/span><\/a><\/li>\n<li><a href=\"https:\/\/apes-lyon.fr\/?page_id=6850\"><span style=\"font-size: 14pt;\"><strong>Chasse aux oeufs, le 2 avril 2023<\/strong><\/span><\/a><\/li>\n<li><a href=\"https:\/\/apes-lyon.fr\/?page_id=6885\"><span style=\"font-size: 14pt;\"><strong>La journ\u00e9e \u00e0 la Balme-les-Grottes, le 25 juin 2023<\/strong><\/span><\/a><\/li>\n<\/ul>\n<\/li>\n<li><strong><span style=\"text-decoration: underline; font-size: 14pt;\">Ann\u00e9e 2022<\/span><\/strong>\n<ul>\n<li><strong><a href=\"https:\/\/apes-lyon.fr\/?page_id=6595\"><span style=\"font-size: 14pt;\">Chasse \u00e0 l\u2019\u0153uf, le 9 avril 2022<\/span><\/a><\/strong><\/li>\n<li><strong><a href=\"https:\/\/apes-lyon.fr\/?page_id=6614\"><span style=\"font-size: 14pt;\">Acrobranche , le 11 juin 2022<\/span><\/a><\/strong><\/li>\n<li><a href=\"https:\/\/apes-lyon.fr\/?page_id=6645\"><strong><span style=\"font-size: 14pt;\">Bowling , le 13 novembre 2022<\/span><\/strong><\/a><\/li>\n<li><a href=\"https:\/\/apes-lyon.fr\/?page_id=6789\"><span style=\"font-size: 14pt;\"><strong>Arbre de no\u00ebl, le 10 d\u00e9cembre 2022<\/strong><\/span><\/a><\/li>\n<\/ul>\n<\/li>\n<li><strong><span style=\"text-decoration: underline;\"><span style=\"font-size: 14pt;\">Ann\u00e9e 2017<\/span><\/span><\/strong>\n<ul>\n<li class=\"post-title entry-title\"><strong><a href=\"https:\/\/apes-lyon.fr\/?page_id=4773\"><span style=\"font-size: 14pt;\">S\u00e9minaire, le 11 mars 2017<\/span><\/a><\/strong><\/li>\n<li class=\"post-title entry-title\"><strong><a href=\"https:\/\/apes-lyon.fr\/?page_id=5040\"><span style=\"font-size: 14pt;\">Arbre de No\u00ebl, le 9 d\u00e9cembre 2017<\/span><\/a><\/strong><\/li>\n<\/ul>\n<\/li>\n<li><strong><span style=\"text-decoration: underline;\"><span style=\"font-size: 14pt;\">Ann\u00e9e 2016<\/span><\/span><\/strong>\n<ul>\n<li><strong><a href=\"https:\/\/apes-lyon.fr\/?page_id=4164\"><span style=\"font-size: 14pt;\">Kapla, le 23 janvier 2016<\/span><\/a><\/strong><\/li>\n<li><strong><a href=\"https:\/\/apes-lyon.fr\/?page_id=4198\"><span style=\"font-size: 14pt;\">Portes Ouvertes, le 29 et 30 Avril 2016<\/span><\/a><\/strong><\/li>\n<li><strong><a href=\"https:\/\/apes-lyon.fr\/?page_id=4506\"><span style=\"font-size: 14pt;\">Ve\u0301lorail, le 18 Juin 2016<\/span><\/a><\/strong><\/li>\n<li><strong><a href=\"https:\/\/apes-lyon.fr\/?page_id=4651\"><span style=\"font-size: 14pt;\">Week-end d\u2019hiver a\u0300 Ailon le Jeune, les 16, 17 et 18 de\u0301cembre 2016<\/span><\/a><\/strong><\/li>\n<\/ul>\n<\/li>\n<li><strong><span style=\"text-decoration: underline;\"><span style=\"font-size: 14pt;\">Ann\u00e9e 2015<\/span><\/span><\/strong>\n<ul>\n<li><strong><a href=\"https:\/\/apes-lyon.fr\/?page_id=4057\"><span style=\"font-size: 14pt;\">LOUHANS, le 4 octobre 2015<\/span><\/a><\/strong><\/li>\n<li><strong><a href=\"https:\/\/apes-lyon.fr\/?page_id=4096\"><span style=\"font-size: 14pt;\">Week-end d\u2019hiver a\u0300 Chamrousse, les 12, 13 et 14 de\u0301cembre 2015<\/span><\/a><\/strong><\/li>\n<\/ul>\n<\/li>\n<li style=\"list-style-type: none;\">&nbsp;<\/li>\n<\/ul>\n<div class=\"entry-content clearfix\">\n<div class=\"slideshow_container slideshow_container_slideshow-jquery-image-gallery-custom-styles_3\" data-slideshow-id=\"4964\" data-style-name=\"slideshow-jquery-image-gallery-custom-styles_3\" data-style-version=\"1457518259\" data-slideshow-active=\"1\">\n<div class=\"slideshow_content\">\n<p class=\"slideshow_view\">&nbsp;<\/p>\n<\/div>\n<\/div>\n<\/div>\n","protected":false},"excerpt":{"rendered":"<p>&nbsp; Ann\u00e9e 2023 Laser Game, le 23 mars 2023&nbsp; Chasse aux oeufs, le 2 avril 2023 La journ\u00e9e \u00e0 la Balme-les-Grottes, le 25 juin 2023 Ann\u00e9e 2022 Chasse \u00e0 l\u2019\u0153uf, le 9 avril 2022 Acrobranche , le 11 juin 2022 Bowling , le 13 novembre 2022 Arbre de no\u00ebl, le 10 d\u00e9cembre 2022 Ann\u00e9e 2017 &hellip; <\/p>\n<p><a class=\"more-link btn\" href=\"https:\/\/apes-lyon.fr\/?page_id=3894\">Lire la suite<\/a><\/p>\n","protected":false},"author":10,"featured_media":0,"parent":0,"menu_order":0,"comment_status":"closed","ping_status":"closed","template":"","meta":{"ngg_post_thumbnail":0,"footnotes":""},"class_list":["post-3894","page","type-page","status-publish","hentry","nodate","item-wrap"],"_links":{"self":[{"href":"https:\/\/apes-lyon.fr\/index.php?rest_route=\/wp\/v2\/pages\/3894","targetHints":{"allow":["GET"]}}],"collection":[{"href":"https:\/\/apes-lyon.fr\/index.php?rest_route=\/wp\/v2\/pages"}],"about":[{"href":"https:\/\/apes-lyon.fr\/index.php?rest_route=\/wp\/v2\/types\/page"}],"author":[{"embeddable":true,"href":"https:\/\/apes-lyon.fr\/index.php?rest_route=\/wp\/v2\/users\/10"}],"replies":[{"embeddable":true,"href":"https:\/\/apes-lyon.fr\/index.php?rest_route=%2Fwp%2Fv2%2Fcomments&post=3894"}],"version-history":[{"count":23,"href":"https:\/\/apes-lyon.fr\/index.php?rest_route=\/wp\/v2\/pages\/3894\/revisions"}],"predecessor-version":[{"id":6887,"href":"https:\/\/apes-lyon.fr\/index.php?rest_route=\/wp\/v2\/pages\/3894\/revisions\/6887"}],"wp:attachment":[{"href":"https:\/\/apes-lyon.fr\/index.php?rest_route=%2Fwp%2Fv2%2Fmedia&parent=3894"}],"curies":[{"name":"wp","href":"https:\/\/api.w.org\/{rel}","templated":true}]}}