{"id":3203,"date":"2014-02-12T17:48:26","date_gmt":"2014-02-12T17:48:26","guid":{"rendered":"http:\/\/apes-lyon.fr\/?page_id=3203"},"modified":"2023-10-04T09:19:31","modified_gmt":"2023-10-04T09:19:31","slug":"ecole-elementaire-condorcet","status":"publish","type":"page","link":"https:\/\/apes-lyon.fr\/?page_id=3203","title":{"rendered":"Ecole El\u00e9mentaire Condorcet"},"content":{"rendered":"<p class=\"MsoNormal\" style=\"margin-bottom: 12.0pt; text-align: center; line-height: normal;\" align=\"center\"><span style=\"color: #808080; font-family: helvetica, arial, sans-serif; font-size: 24pt;\">6 rue Alfred de Musset 69003 Lyon<\/span><\/p>\n<p class=\"MsoNormal\" style=\"margin-bottom: 12.0pt; text-align: center; line-height: normal;\" align=\"center\"><img loading=\"lazy\" decoding=\"async\" class=\"aligncenter size-full wp-image-3907 ml-lightbox-enabled\" src=\"https:\/\/apes-lyon.fr\/wp-content\/uploads\/Capture-d\u2019\u00e9cran-2014-02-12-\u00e0-18.50.14.png\" alt=\"Capture-d\u2019\u00e9cran-2014-02-12-\u00e0-18.50.14\" width=\"414\" height=\"309\" srcset=\"https:\/\/apes-lyon.fr\/wp-content\/uploads\/Capture-d\u2019\u00e9cran-2014-02-12-\u00e0-18.50.14.png 414w, https:\/\/apes-lyon.fr\/wp-content\/uploads\/Capture-d\u2019\u00e9cran-2014-02-12-\u00e0-18.50.14-300x224.png 300w\" sizes=\"auto, (max-width: 414px) 100vw, 414px\" \/><\/p>\n<p class=\"MsoNormal\" style=\"margin-bottom: .0001pt; line-height: normal;\"><span style=\"font-family: helvetica, arial, sans-serif;\"><span style=\"font-size: 12pt;\"><strong>Mme la directrice : Mme H\u00e9l\u00e8ne JUSTE<br \/>\n<\/strong><\/span><\/span><span style=\"font-family: helvetica, arial, sans-serif;\"><span style=\"font-size: 12pt;\">T\u00e9l. 04 78 54 07 36<br \/>\n<\/span><span style=\"font-size: 12pt;\">Mail : <a class=\"o_h J_x mq_CZ G_e r_P C_Z29WjXl S4_U ac_CI rtlI_dz_sSg\" title=\"ce.0691463r@ac-lyon.fr\" data-test-id=\"contact-card-email\">ce.0691463r@ac-lyon.fr<\/a><\/span><\/span><\/p>\n<p>&nbsp;<\/p>\n<p><span style=\"font-family: helvetica, arial, sans-serif;\"><span style=\"font-size: 12pt;\"><strong>Mr le directeur P\u00e9riscolaire: en cours de maintenance<\/strong><\/span><\/span><\/p>\n<p class=\"MsoNormal\" style=\"margin-bottom: .0001pt; line-height: normal;\">&nbsp;<\/p>\n<p class=\"MsoNormal\" style=\"margin-bottom: .0001pt; line-height: normal;\"><span style=\"font-family: helvetica, arial, sans-serif;\"><b style=\"mso-bidi-font-weight: normal;\"><span style=\"font-size: 12pt;\">enseignant en LSF et de LSF : en cours de maintenance<br \/>\n<\/span><\/b><b style=\"mso-bidi-font-weight: normal;\"><span style=\"font-size: 12pt;\"><br \/>\n<\/span><\/b><br \/>\n<\/span><\/p>\n<p>&nbsp;<\/p>\n<p class=\"MsoNormal\" style=\"margin-bottom: .0001pt; line-height: normal;\">&nbsp;<\/p>\n<p class=\"MsoNormal\" style=\"margin-bottom: 0.0001pt; line-height: normal; text-align: center;\"><span style=\"font-size: 12pt; font-family: helvetica, arial, sans-serif;\"><br \/>\n<strong><span style=\"color: red;\">INSPECTIONS DE L\u2019\u00c9DUCATION NATIONALE :<\/span><\/strong><\/span><\/p>\n<p class=\"MsoNormal\" style=\"margin-bottom: .0001pt; line-height: normal;\"><span style=\"font-family: helvetica, arial, sans-serif;\"><span style=\"font-size: 12pt;\"><br \/>\nInspection ASH4 : M. Brissaud<br \/>\n<\/span><span style=\"font-size: 12pt;\">Mail : <a href=\"mailto:pascal.brissaud@ac-lyon.fr\">pascal.brissaud@ac-lyon.fr<\/a><\/span><\/span><\/p>\n<p>&nbsp;<\/p>\n<p class=\"MsoNormal\" style=\"margin-bottom: .0001pt; line-height: normal;\"><span style=\"font-family: helvetica, arial, sans-serif;\"><span style=\"font-size: 12pt;\">Inspection Lyon 3 : M. Idmont<br \/>\n<\/span><span style=\"font-size: 12pt;\">Mail : <a href=\"mailto:boris.idmont@ac-lyon.fr\">boris.idmont@ac-lyon.fr&nbsp;<\/a><\/span><\/span><\/p>\n","protected":false},"excerpt":{"rendered":"<p>6 rue Alfred de Musset 69003 Lyon Mme la directrice : Mme H\u00e9l\u00e8ne JUSTE T\u00e9l. 04 78 54 07 36 Mail : ce.0691463r@ac-lyon.fr &nbsp; Mr le directeur P\u00e9riscolaire: en cours de maintenance &nbsp; enseignant en LSF et de LSF : en cours de maintenance &nbsp; &nbsp; INSPECTIONS DE L\u2019\u00c9DUCATION NATIONALE : Inspection ASH4 : M. &hellip; <\/p>\n<p><a class=\"more-link btn\" href=\"https:\/\/apes-lyon.fr\/?page_id=3203\">Lire la suite<\/a><\/p>\n","protected":false},"author":10,"featured_media":0,"parent":1308,"menu_order":1,"comment_status":"closed","ping_status":"closed","template":"","meta":{"ngg_post_thumbnail":0,"footnotes":""},"class_list":["post-3203","page","type-page","status-publish","hentry","nodate","item-wrap"],"_links":{"self":[{"href":"https:\/\/apes-lyon.fr\/index.php?rest_route=\/wp\/v2\/pages\/3203","targetHints":{"allow":["GET"]}}],"collection":[{"href":"https:\/\/apes-lyon.fr\/index.php?rest_route=\/wp\/v2\/pages"}],"about":[{"href":"https:\/\/apes-lyon.fr\/index.php?rest_route=\/wp\/v2\/types\/page"}],"author":[{"embeddable":true,"href":"https:\/\/apes-lyon.fr\/index.php?rest_route=\/wp\/v2\/users\/10"}],"replies":[{"embeddable":true,"href":"https:\/\/apes-lyon.fr\/index.php?rest_route=%2Fwp%2Fv2%2Fcomments&post=3203"}],"version-history":[{"count":47,"href":"https:\/\/apes-lyon.fr\/index.php?rest_route=\/wp\/v2\/pages\/3203\/revisions"}],"predecessor-version":[{"id":6297,"href":"https:\/\/apes-lyon.fr\/index.php?rest_route=\/wp\/v2\/pages\/3203\/revisions\/6297"}],"up":[{"embeddable":true,"href":"https:\/\/apes-lyon.fr\/index.php?rest_route=\/wp\/v2\/pages\/1308"}],"wp:attachment":[{"href":"https:\/\/apes-lyon.fr\/index.php?rest_route=%2Fwp%2Fv2%2Fmedia&parent=3203"}],"curies":[{"name":"wp","href":"https:\/\/api.w.org\/{rel}","templated":true}]}}