{"id":175,"date":"2011-04-04T19:34:20","date_gmt":"2011-04-04T19:34:20","guid":{"rendered":"http:\/\/apes-lyon.fr\/?page_id=175"},"modified":"2025-09-16T19:43:03","modified_gmt":"2025-09-16T19:43:03","slug":"profil","status":"publish","type":"page","link":"https:\/\/apes-lyon.fr\/?page_id=175","title":{"rendered":"Adh\u00e9sion 2025-2026"},"content":{"rendered":"\r\n<div class=\"yiv1120570544gmail_default\">\r\n<p>Bonjour \u00e0 toutes et \u00e0 tous,<\/p>\r\n<p>Vous trouverez en pi\u00e8ces jointes la fiche d&#8217;adh\u00e9sion pour l\u2019ann\u00e9e 2025-2026 ainsi que le formulaire relatif au droit \u00e0 l\u2019image.<\/p>\r\n<p>Cette ann\u00e9e, nous vous offrons la possibilit\u00e9 de vous inscrire et d&#8217;adh\u00e9rer directement via le site HelloAsso. Toutes les informations n\u00e9cessaires sont disponibles dans la pi\u00e8ce jointe.<\/p>\r\n<p>Nous esp\u00e9rons vous voir nombreuses et nombreux \u00e0 continuer l&#8217;aventure ou \u00e0 rejoindre l&#8217;APES Lyon !<\/p>\r\n<p>Le programme des activit\u00e9s est presque finalis\u00e9 et vous sera envoy\u00e9 tr\u00e8s prochainement.<\/p>\r\n<p>Cordialement,<br \/>L\u2019\u00e9quipe APES Lyon<\/p>\r\n<\/div>\r\n<div>&nbsp;<\/div>\r\n<div>Fiche t\u00e9l\u00e9chargeable (PDF) :&nbsp;<strong> <a href=\"https:\/\/drive.google.com\/file\/d\/1M3uZDaxbbz7Zz_gDfBjK89vfmNAwKE4a\/view?usp=drive_link\">ADHESION 2025-2026<\/a><\/strong> et le<a href=\"https:\/\/drive.google.com\/file\/d\/15eh8p6bjFjUxvmq_r22OH9Y78-v-I8Tq\/view?usp=drive_link\"><strong> droit de l&#8217;image<\/strong><\/a>.&nbsp;<\/div>\r\n<div>Pour vous inscrire, cliquez sur ce lien HelloAsso : <a href=\"https:\/\/www.helloasso.com\/associations\/apes-lyon\/adhesions\/adhesionapeslyon20252026\"><strong>www.helloasso.com.adhesion.fr<\/strong><\/a><\/div>\r\n<div>&nbsp;<\/div>\r\n\r\n\r\n","protected":false},"excerpt":{"rendered":"<p>Bonjour \u00e0 toutes et \u00e0 tous, Vous trouverez en pi\u00e8ces jointes la fiche d&#8217;adh\u00e9sion pour l\u2019ann\u00e9e 2025-2026 ainsi que le formulaire relatif au droit \u00e0 l\u2019image. Cette ann\u00e9e, nous vous offrons la possibilit\u00e9 de vous inscrire et d&#8217;adh\u00e9rer directement via le site HelloAsso. Toutes les informations n\u00e9cessaires sont disponibles dans la pi\u00e8ce jointe. Nous esp\u00e9rons &hellip; <\/p>\n<p><a class=\"more-link btn\" href=\"https:\/\/apes-lyon.fr\/?page_id=175\">Lire la suite<\/a><\/p>\n","protected":false},"author":10,"featured_media":0,"parent":0,"menu_order":0,"comment_status":"closed","ping_status":"closed","template":"","meta":{"ngg_post_thumbnail":0,"footnotes":""},"class_list":["post-175","page","type-page","status-publish","hentry","nodate","item-wrap"],"_links":{"self":[{"href":"https:\/\/apes-lyon.fr\/index.php?rest_route=\/wp\/v2\/pages\/175","targetHints":{"allow":["GET"]}}],"collection":[{"href":"https:\/\/apes-lyon.fr\/index.php?rest_route=\/wp\/v2\/pages"}],"about":[{"href":"https:\/\/apes-lyon.fr\/index.php?rest_route=\/wp\/v2\/types\/page"}],"author":[{"embeddable":true,"href":"https:\/\/apes-lyon.fr\/index.php?rest_route=\/wp\/v2\/users\/10"}],"replies":[{"embeddable":true,"href":"https:\/\/apes-lyon.fr\/index.php?rest_route=%2Fwp%2Fv2%2Fcomments&post=175"}],"version-history":[{"count":44,"href":"https:\/\/apes-lyon.fr\/index.php?rest_route=\/wp\/v2\/pages\/175\/revisions"}],"predecessor-version":[{"id":7060,"href":"https:\/\/apes-lyon.fr\/index.php?rest_route=\/wp\/v2\/pages\/175\/revisions\/7060"}],"wp:attachment":[{"href":"https:\/\/apes-lyon.fr\/index.php?rest_route=%2Fwp%2Fv2%2Fmedia&parent=175"}],"curies":[{"name":"wp","href":"https:\/\/api.w.org\/{rel}","templated":true}]}}