{"id":1744,"date":"2011-12-21T14:14:38","date_gmt":"2011-12-21T14:14:38","guid":{"rendered":"http:\/\/apes-lyon.fr\/?page_id=1744"},"modified":"2023-01-25T21:57:39","modified_gmt":"2023-01-25T21:57:39","slug":"interpreter","status":"publish","type":"page","link":"https:\/\/apes-lyon.fr\/?page_id=1744","title":{"rendered":"Services des interpr\u00e8tes"},"content":{"rendered":"<p>&nbsp;<\/p>\n<p>Les services d&#8217;interpr\u00e8tes professionnels Fran\u00e7ais-LSF \u00e0 Lyon et l&#8217;<a href=\"http:\/\/www.annuaire-interpretes-lsf.com\/\" target=\"_blank\" rel=\"noopener\"><strong>annuaire <\/strong><\/a>des interpr\u00e8tes LSF en France et par r\u00e9gion.<\/p>\n<p>A Lyon :<\/p>\n<p><img loading=\"lazy\" decoding=\"async\" class=\"wp-image-3852 size-full alignnone ml-lightbox-enabled\" src=\"https:\/\/apes-lyon.fr\/wp-content\/uploads\/logo_wp.png\" alt=\"logo_wp\" width=\"156\" height=\"80\"\/>&nbsp; &nbsp; &nbsp; &nbsp; <strong>&#8211;&nbsp;&nbsp;<\/strong><strong>Service d\u2019Interpr\u00e8tes en Langue des Signes Fran\u00e7aise \/ Fran\u00e7ais Ouverture le 1er mars 2011<\/strong><\/p>\n<p><img loading=\"lazy\" decoding=\"async\" class=\"size-full wp-image-227 alignnone\" src=\"http:\/\/ex-aequo.fr\/wp-content\/uploads\/2016\/10\/icon-adr.png\" alt=\"icon-adr\" width=\"41\" height=\"41\"\/>&nbsp; 90 rue Pierre Corneille &#8211; 69003 LYON<\/p>\n<p><img loading=\"lazy\" decoding=\"async\" class=\"size-full wp-image-229 alignnone\" src=\"http:\/\/ex-aequo.fr\/wp-content\/uploads\/2016\/10\/icon-mail.png\" alt=\"icon-mail\" width=\"41\" height=\"41\"\/>&nbsp;<a href=\"mailto:contact@ex-aequo.fr\">contact@ex-aequo.fr<\/a><\/p>\n<p>&nbsp;<img loading=\"lazy\" decoding=\"async\" class=\"alignnone size-full wp-image-232\" src=\"http:\/\/ex-aequo.fr\/wp-content\/uploads\/2016\/10\/icon-tel.png\" alt=\"icon-tel\" width=\"41\" height=\"41\"\/>&nbsp;04 78 26 12 42<\/p>\n<p><img loading=\"lazy\" decoding=\"async\" class=\"alignnone size-full wp-image-233\" src=\"http:\/\/ex-aequo.fr\/wp-content\/uploads\/2016\/10\/icon-tel2.png\" alt=\"icon-tel2\" width=\"41\" height=\"41\"\/>&nbsp;07 61 29 69 00<\/p>\n<p><img loading=\"lazy\" decoding=\"async\" class=\"alignnone size-full wp-image-230\" src=\"http:\/\/ex-aequo.fr\/wp-content\/uploads\/2016\/10\/icon-print.png\" alt=\"icon-print\" width=\"41\" height=\"41\"\/>&nbsp;09 81 31 12 42<\/p>\n<p><img loading=\"lazy\" decoding=\"async\" class=\"alignnone size-full wp-image-231\" src=\"http:\/\/ex-aequo.fr\/wp-content\/uploads\/2016\/10\/icon-skype.png\" alt=\"icon-skype\" width=\"41\" height=\"41\"\/>&nbsp;interprete.ex-aequo<\/p>\n<p><img loading=\"lazy\" decoding=\"async\" class=\"alignnone size-full wp-image-228\" src=\"http:\/\/ex-aequo.fr\/wp-content\/uploads\/2016\/10\/icon-fb.png\" alt=\"icon-fb\" width=\"41\" height=\"41\"\/>&nbsp;<a href=\"https:\/\/www.facebook.com\/exaequointerpretation\/\" target=\"_blank\" rel=\"noopener\">ex aequo interpr\u00e9tation<\/a><\/p>\n<p>&nbsp;<\/p>\n<p>&nbsp;<\/p>\n<p><strong><img loading=\"lazy\" decoding=\"async\" class=\"wp-image-3854 alignnone ml-lightbox-enabled\" src=\"https:\/\/apes-lyon.fr\/wp-content\/uploads\/logo_crils.png\" alt=\"logo_crils\" width=\"154\" height=\"64\"\/>&nbsp;&#8211;&nbsp;<\/strong><strong>Centre de Ressources en Interpr\u00e9tation en Langue des Signes.<\/strong><\/p>\n<p><span style=\"text-decoration: underline;\"><b>Adresse:<\/b> <\/span>142 rue de Gerland, 69007 LYON<\/p>\n<p><img loading=\"lazy\" decoding=\"async\" class=\" wp-image-5992 alignnone\" src=\"https:\/\/apes-lyon.fr\/wp-content\/uploads\/telephone.png\" alt=\"\" width=\"30\" height=\"30\"\/>&nbsp; &nbsp; 09 82 57 80 63<\/p>\n<p><img loading=\"lazy\" decoding=\"async\" class=\"wp-image-5990 alignnone\" src=\"https:\/\/apes-lyon.fr\/wp-content\/uploads\/mobile.jpg\" alt=\"\" width=\"30\" height=\"30\" srcset=\"https:\/\/apes-lyon.fr\/wp-content\/uploads\/mobile.jpg 700w, https:\/\/apes-lyon.fr\/wp-content\/uploads\/mobile-300x300.jpg 300w, https:\/\/apes-lyon.fr\/wp-content\/uploads\/mobile-150x150.jpg 150w\" sizes=\"auto, (max-width: 30px) 100vw, 30px\" \/>&nbsp; &nbsp; 07 63 37 15 15 (SMS UNIQUEMENT)<\/p>\n<p><img loading=\"lazy\" decoding=\"async\" class=\"wp-image-5991 alignnone\" src=\"https:\/\/apes-lyon.fr\/wp-content\/uploads\/vecteezy_outline-email-icon-isolated-on-grey-background-open_6417311-e1674683141945.jpg\" alt=\"\" width=\"31\" height=\"30\" srcset=\"https:\/\/apes-lyon.fr\/wp-content\/uploads\/vecteezy_outline-email-icon-isolated-on-grey-background-open_6417311-e1674683141945.jpg 1248w, https:\/\/apes-lyon.fr\/wp-content\/uploads\/vecteezy_outline-email-icon-isolated-on-grey-background-open_6417311-e1674683141945-300x286.jpg 300w, https:\/\/apes-lyon.fr\/wp-content\/uploads\/vecteezy_outline-email-icon-isolated-on-grey-background-open_6417311-e1674683141945-1024x976.jpg 1024w, https:\/\/apes-lyon.fr\/wp-content\/uploads\/vecteezy_outline-email-icon-isolated-on-grey-background-open_6417311-e1674683141945-150x150.jpg 150w, https:\/\/apes-lyon.fr\/wp-content\/uploads\/vecteezy_outline-email-icon-isolated-on-grey-background-open_6417311-e1674683141945-1000x954.jpg 1000w\" sizes=\"auto, (max-width: 31px) 100vw, 31px\" \/><span style=\"font-size: revert;\">&nbsp; <a href=\"mailto:CRILS.INTERPRETES@GMAIL.COM\">CRILS.INTERPRETES@GMAIL.COM<\/a><\/span><\/p>\n<p><img loading=\"lazy\" decoding=\"async\" class=\"wp-image-5993 alignnone\" src=\"https:\/\/apes-lyon.fr\/wp-content\/uploads\/logo-facebook-noir.png\" alt=\"\" width=\"28\" height=\"28\" srcset=\"https:\/\/apes-lyon.fr\/wp-content\/uploads\/logo-facebook-noir.png 528w, https:\/\/apes-lyon.fr\/wp-content\/uploads\/logo-facebook-noir-300x300.png 300w, https:\/\/apes-lyon.fr\/wp-content\/uploads\/logo-facebook-noir-150x150.png 150w\" sizes=\"auto, (max-width: 28px) 100vw, 28px\" \/>&nbsp; &nbsp;<a href=\"https:\/\/www.facebook.com\/crils.interpretes\/\">CRILS.INTERPRETES<\/a><\/p>\n<p>Le secr\u00e9tariat est ouvert<br \/>\nDu lundi au vendredi<br \/>\nde 9 h \u00e0 13 h<br \/>\net de 14 h \u00e0 17 h<\/p>\n","protected":false},"excerpt":{"rendered":"<p>&nbsp; Les services d&#8217;interpr\u00e8tes professionnels Fran\u00e7ais-LSF \u00e0 Lyon et l&#8217;annuaire des interpr\u00e8tes LSF en France et par r\u00e9gion. A Lyon : &nbsp; &nbsp; &nbsp; &nbsp; &#8211;&nbsp;&nbsp;Service d\u2019Interpr\u00e8tes en Langue des Signes Fran\u00e7aise \/ Fran\u00e7ais Ouverture le 1er mars 2011 &nbsp; 90 rue Pierre Corneille &#8211; 69003 LYON &nbsp;contact@ex-aequo.fr &nbsp;&nbsp;04 78 26 12 42 &nbsp;07 61 &hellip; <\/p>\n<p><a class=\"more-link btn\" href=\"https:\/\/apes-lyon.fr\/?page_id=1744\">Lire la suite<\/a><\/p>\n","protected":false},"author":10,"featured_media":0,"parent":0,"menu_order":7,"comment_status":"closed","ping_status":"closed","template":"","meta":{"ngg_post_thumbnail":0,"footnotes":""},"class_list":["post-1744","page","type-page","status-publish","hentry","nodate","item-wrap"],"_links":{"self":[{"href":"https:\/\/apes-lyon.fr\/index.php?rest_route=\/wp\/v2\/pages\/1744","targetHints":{"allow":["GET"]}}],"collection":[{"href":"https:\/\/apes-lyon.fr\/index.php?rest_route=\/wp\/v2\/pages"}],"about":[{"href":"https:\/\/apes-lyon.fr\/index.php?rest_route=\/wp\/v2\/types\/page"}],"author":[{"embeddable":true,"href":"https:\/\/apes-lyon.fr\/index.php?rest_route=\/wp\/v2\/users\/10"}],"replies":[{"embeddable":true,"href":"https:\/\/apes-lyon.fr\/index.php?rest_route=%2Fwp%2Fv2%2Fcomments&post=1744"}],"version-history":[{"count":60,"href":"https:\/\/apes-lyon.fr\/index.php?rest_route=\/wp\/v2\/pages\/1744\/revisions"}],"predecessor-version":[{"id":5998,"href":"https:\/\/apes-lyon.fr\/index.php?rest_route=\/wp\/v2\/pages\/1744\/revisions\/5998"}],"wp:attachment":[{"href":"https:\/\/apes-lyon.fr\/index.php?rest_route=%2Fwp%2Fv2%2Fmedia&parent=1744"}],"curies":[{"name":"wp","href":"https:\/\/api.w.org\/{rel}","templated":true}]}}