{"id":1586,"date":"2011-12-11T14:02:30","date_gmt":"2011-12-11T14:02:30","guid":{"rendered":"http:\/\/apes-lyon.fr\/?page_id=1586"},"modified":"2016-03-02T06:30:34","modified_gmt":"2016-03-02T06:30:34","slug":"lire","status":"publish","type":"page","link":"https:\/\/apes-lyon.fr\/?page_id=1586","title":{"rendered":"Lire"},"content":{"rendered":"<p style=\"text-align: justify;\">\u00ab <em>Ca a \u00e9t\u00e9 une vraie r\u00e9v\u00e9lation, je n\u2019arr\u00eatais plus de poser des questions, j\u2019ai soif<\/em> <em>d\u2019apprendre. Je voulais tout savoir et comme c\u2019\u00e9tait en LSF, je comprenais tout (\u2026) Tout<\/em> <em>vient s\u2019accrocher \u00e0 ce premier maillon. Sans la LSF, tous les maillons sont dispers\u00e9s,<\/em> <em>\u00e9parpill\u00e9s. Il n\u2019y a plus de coh\u00e9sion, pas de logique. <\/em>\u00bb<\/p>\n<p style=\"text-align: right;\">Juliette Dalle, extrait de l\u2019\u00e9mission &#8220;L\u2019\u0153il et la main&#8221;, France 5, f\u00e9vrier 2004.[table id=6 \/]<\/p>\n","protected":false},"excerpt":{"rendered":"<p>\u00ab Ca a \u00e9t\u00e9 une vraie r\u00e9v\u00e9lation, je n\u2019arr\u00eatais plus de poser des questions, j\u2019ai soif d\u2019apprendre. Je voulais tout savoir et comme c\u2019\u00e9tait en LSF, je comprenais tout (\u2026) Tout vient s\u2019accrocher \u00e0 ce premier maillon. Sans la LSF, tous les maillons sont dispers\u00e9s, \u00e9parpill\u00e9s. Il n\u2019y a plus de coh\u00e9sion, pas de logique. &hellip; <\/p>\n<p><a class=\"more-link btn\" href=\"https:\/\/apes-lyon.fr\/?page_id=1586\">Lire la suite<\/a><\/p>\n","protected":false},"author":10,"featured_media":0,"parent":0,"menu_order":5,"comment_status":"closed","ping_status":"open","template":"","meta":{"ngg_post_thumbnail":0,"footnotes":""},"class_list":["post-1586","page","type-page","status-publish","hentry","nodate","item-wrap"],"_links":{"self":[{"href":"https:\/\/apes-lyon.fr\/index.php?rest_route=\/wp\/v2\/pages\/1586","targetHints":{"allow":["GET"]}}],"collection":[{"href":"https:\/\/apes-lyon.fr\/index.php?rest_route=\/wp\/v2\/pages"}],"about":[{"href":"https:\/\/apes-lyon.fr\/index.php?rest_route=\/wp\/v2\/types\/page"}],"author":[{"embeddable":true,"href":"https:\/\/apes-lyon.fr\/index.php?rest_route=\/wp\/v2\/users\/10"}],"replies":[{"embeddable":true,"href":"https:\/\/apes-lyon.fr\/index.php?rest_route=%2Fwp%2Fv2%2Fcomments&post=1586"}],"version-history":[{"count":8,"href":"https:\/\/apes-lyon.fr\/index.php?rest_route=\/wp\/v2\/pages\/1586\/revisions"}],"predecessor-version":[{"id":3947,"href":"https:\/\/apes-lyon.fr\/index.php?rest_route=\/wp\/v2\/pages\/1586\/revisions\/3947"}],"wp:attachment":[{"href":"https:\/\/apes-lyon.fr\/index.php?rest_route=%2Fwp%2Fv2%2Fmedia&parent=1586"}],"curies":[{"name":"wp","href":"https:\/\/api.w.org\/{rel}","templated":true}]}}